{"id":268,"date":"2024-03-17T11:25:10","date_gmt":"2024-03-17T10:25:10","guid":{"rendered":"https:\/\/www.transtys.be\/?page_id=268"},"modified":"2024-03-17T11:25:11","modified_gmt":"2024-03-17T10:25:11","slug":"terms-and-conditions","status":"publish","type":"page","link":"https:\/\/www.transtys.be\/?page_id=268","title":{"rendered":"Terms And Conditions"},"content":{"rendered":"\n<p class=\"has-text-align-left\"><strong>CONDITIONS DE TRANSPORT<\/strong><\/p>\n\n\n\n<p class=\"has-text-align-left\">Le transport par route est effectu\u00e9 aux conditions du Trait\u00e9 relatif \u00e0 la convention concernant le Transport International des Marchandises par Route (CMR,Gen\u00e8ve mai 1956 et le protocole du 5 juillet 1978 \u00e0 Gen\u00e8ve).<\/p>\n\n\n\n<p class=\"has-text-align-left\"><strong>AUTRES ACTIVIT\u00c9S<\/strong><br>Les autres activit\u00e9s sont exclusivement effectu\u00e9es d\u2019apr\u00e8s les conditions g\u00e9n\u00e9rales des Commissionnaires Transporteurs de Belgique, publipostages le recueil relatif \u00e0 la V.Z.W.D., Moniteur Belge du 24\/07\/80 n\u00b07836, d\u00e9pos\u00e9 au greffe du Tribunal de commerce de Bruxelles. Le choix du moyen de transport ad\u00e9quat est enti\u00e8rement r\u00e9serv\u00e9 au prestataire de service. Le pr\u00e9sent document n\u2019est pas n\u00e9gociable.<\/p>\n\n\n\n<p class=\"has-text-align-left\"><strong>PAIEMENTS<\/strong><br>Le paiement de la pr\u00e9sente facture se fera end\u00e9ans les 15 jours, date de facture.<br>En cas de non-paiement de la facture \u00e0 son \u00e9ch\u00e9ance, un int\u00e9r\u00eat de 12% sera d\u00fb \u00e0 partir de cette date. Outre les int\u00e9r\u00eats pr\u00e9cit\u00e9s, le montant de la facture sera major\u00e9e de 15\u00b4avec un minimum de 123.95\u20ac \u00e0 titre de d\u00e9dommagement<br>forfaitaire, incompressible pour frais administratifs.<br>Ces int\u00e9r\u00eats et d\u00e9dommagements seront appliqu\u00e9s de plein droit et sans mise en demeure pr\u00e9alable et sans pr\u00e9judice de tout autre montant, particuli\u00e8rement ceux pr\u00e9vus par l\u2019art. 1018 du Code P\u00e9nal.<\/p>\n\n\n\n<p class=\"has-text-align-left\"><br><strong>RECOURS<\/strong><br>En cas de recours, les Cours et Tribunaux de Li\u00e8ge seront seuls comp\u00e9tents.<br><\/p>\n\n\n\n<p class=\"has-text-align-left\"><strong>FORCE MAJEURE<\/strong><br>Tout cas de force majeure donne au prestataire de service le droit, soit de r\u00e9silier la convention sans formalit\u00e9s ni pr\u00e9avis, soit d\u2019en suspendre l\u2019ex\u00e9cution, soit de l\u2019ex\u00e9cuter partiellement.<\/p>\n\n\n\n<p class=\"has-text-align-left\"><br><strong>DOUANE \/ AUTRES FRAIS<\/strong><br>Le transport ne comprend pas l\u2019accomplissement de formalit\u00e9s de douane et\/ou les frais y associ\u00e9s et\/ou des frais d\u00e9coulant des autres activit\u00e9s qui ne sont pas indispensables \u00e0 la mission du transport. Toutes formalit\u00e9s et\/ou paiements seront exclusivement effectu\u00e9s par le transporteur au complet et aux risques du client, qui remboursera les frais encourus par le transporteur et qui indemnisera le transporteur contre tout droit y ayant trait. Sauf disposition contraire incluse Les frais d\u2019attente de chargement\/d\u00e9chargement seront \u00e9galement \u00e0 charge du client ainsi que les frais de manutention du chauffeur des marchandises dans la pr\u00e9sente, tous les prix, conditions et termes d\u2019application seront ceux du tarif le plus r\u00e9cent du transporteur, qui peuvent \u00eatre obtenus en ses bureaux.<\/p>\n\n\n\n<p class=\"has-text-align-left\"><br><strong>POIDS VOLUM\u00c9TRIQUES<\/strong><br>La marchandise ayant une forme ou des dimensions hors du commun peuvent<br>entra\u00eener des frais suppl\u00e9mentaires. Ceci exclusivement \u00e0 l&rsquo; appr\u00e9ciation du<br>transporteur. Les marchandises de plus de 4 m\u00e8tres de longueur ne peuvent \u00eatre transport\u00e9es qu\u2019apr\u00e8s confirmation \u00e9crite du transporteur.<\/p>\n\n\n\n<p class=\"has-text-align-left\"><br><strong>STOCKAGE<\/strong><br>Le stockage temporaire pendant les premi\u00e8re 24 heures apr\u00e8s d\u00e9chargement<br>(sauf WE et jours f\u00e9ri\u00e9s) n\u2019est pas port\u00e9 en compte. Tout stockage d\u00e9passant cette dur\u00e9e se fera au tarif en vigueur par m\u00b2 et par mois, \u00e0 charge du client.<\/p>\n\n\n\n<p class=\"has-text-align-left\"><br><strong>CONTRE-REMBOURSEMENT<\/strong><br>Les livraisons contre-remboursement ne sont accept\u00e9es que moyennant un<br>accord \u00e9crit entre les parties. Les remboursements ne seront trait\u00e9s que dans la monnaie nationale.<\/p>\n","protected":false},"excerpt":{"rendered":"<p>CONDITIONS DE TRANSPORT Le transport par route est effectu\u00e9 aux conditions du Trait\u00e9 relatif \u00e0 la convention concernant le Transport International des Marchandises par Route (CMR,Gen\u00e8ve mai 1956 et le protocole du 5 juillet 1978 \u00e0 Gen\u00e8ve). AUTRES ACTIVIT\u00c9SLes autres activit\u00e9s sont exclusivement effectu\u00e9es d\u2019apr\u00e8s les conditions g\u00e9n\u00e9rales des Commissionnaires Transporteurs de Belgique, publipostages le [&hellip;]<\/p>\n","protected":false},"author":1,"featured_media":0,"parent":0,"menu_order":0,"comment_status":"closed","ping_status":"closed","template":"","meta":{"footnotes":""},"class_list":["post-268","page","type-page","status-publish","hentry"],"_links":{"self":[{"href":"https:\/\/www.transtys.be\/index.php?rest_route=\/wp\/v2\/pages\/268","targetHints":{"allow":["GET"]}}],"collection":[{"href":"https:\/\/www.transtys.be\/index.php?rest_route=\/wp\/v2\/pages"}],"about":[{"href":"https:\/\/www.transtys.be\/index.php?rest_route=\/wp\/v2\/types\/page"}],"author":[{"embeddable":true,"href":"https:\/\/www.transtys.be\/index.php?rest_route=\/wp\/v2\/users\/1"}],"replies":[{"embeddable":true,"href":"https:\/\/www.transtys.be\/index.php?rest_route=%2Fwp%2Fv2%2Fcomments&post=268"}],"version-history":[{"count":1,"href":"https:\/\/www.transtys.be\/index.php?rest_route=\/wp\/v2\/pages\/268\/revisions"}],"predecessor-version":[{"id":270,"href":"https:\/\/www.transtys.be\/index.php?rest_route=\/wp\/v2\/pages\/268\/revisions\/270"}],"wp:attachment":[{"href":"https:\/\/www.transtys.be\/index.php?rest_route=%2Fwp%2Fv2%2Fmedia&parent=268"}],"curies":[{"name":"wp","href":"https:\/\/api.w.org\/{rel}","templated":true}]}}